{"id":26611,"date":"2023-06-15T09:44:17","date_gmt":"2023-06-15T09:44:17","guid":{"rendered":"http:\/\/b-i-consulting.com\/?page_id=26611"},"modified":"2025-05-05T10:51:52","modified_gmt":"2025-05-05T10:51:52","slug":"physical-security-training","status":"publish","type":"page","link":"https:\/\/b-i-consulting.com\/fr\/physical-security-training\/","title":{"rendered":"Formation \u00e0 la s\u00e9curit\u00e9 physique"},"content":{"rendered":"<div data-elementor-type=\"wp-page\" data-elementor-id=\"26611\" class=\"elementor elementor-26611\">\n\t\t\t\t\t\t<section class=\"elementor-section elementor-top-section elementor-element elementor-element-6f1919fe elementor-section-stretched elementor-section-boxed elementor-section-height-default elementor-section-height-default\" data-id=\"6f1919fe\" data-element_type=\"section\" data-settings=\"{&quot;stretch_section&quot;:&quot;section-stretched&quot;,&quot;background_background&quot;:&quot;classic&quot;,&quot;shape_divider_bottom&quot;:&quot;book&quot;,&quot;shape_divider_bottom_negative&quot;:&quot;yes&quot;}\">\n\t\t\t\t\t<div class=\"elementor-shape elementor-shape-bottom\" aria-hidden=\"true\" data-negative=\"true\">\n\t\t\t<svg xmlns=\"http:\/\/www.w3.org\/2000\/svg\" viewbox=\"0 0 1000 100\" preserveaspectratio=\"none\">\n\t<path class=\"elementor-shape-fill\" d=\"M806,94.7C619.5,90,500,20.3,500,1.7c-1,18.6-117.5,88.3-306,93C92,97.2,0,97.9,0,97.9v-0l0,0v2.3h1000v-2.3 C1000,97.7,920.3,97.6,806,94.7z M350,65.1L350,65.1L350,65.1L350,65.1z\"\/>\n<\/svg>\n\t\t<\/div>\n\t\t\t\t\t<div class=\"elementor-container elementor-column-gap-default\">\n\t\t\t\t\t<div class=\"elementor-column elementor-col-100 elementor-top-column elementor-element elementor-element-3ce44991\" data-id=\"3ce44991\" data-element_type=\"column\">\n\t\t\t<div class=\"elementor-widget-wrap elementor-element-populated\">\n\t\t\t\t\t\t<section class=\"elementor-section elementor-inner-section elementor-element elementor-element-c7fea26 elementor-section-boxed elementor-section-height-default elementor-section-height-default elementor-invisible\" data-id=\"c7fea26\" data-element_type=\"section\" data-settings=\"{&quot;animation&quot;:&quot;fadeInLeft&quot;}\">\n\t\t\t\t\t\t<div class=\"elementor-container elementor-column-gap-default\">\n\t\t\t\t\t<div class=\"elementor-column elementor-col-50 elementor-inner-column elementor-element elementor-element-5982e370\" data-id=\"5982e370\" data-element_type=\"column\">\n\t\t\t<div class=\"elementor-widget-wrap elementor-element-populated\">\n\t\t\t\t\t\t<div class=\"elementor-element elementor-element-3bb39867 elementor-widget elementor-widget-rs-service-grid\" data-id=\"3bb39867\" data-element_type=\"widget\" data-widget_type=\"rs-service-grid.default\">\n\t\t\t\t<div class=\"elementor-widget-container\">\n\t\t\t\t\t\t\t\r\n\t\t<div class=\"rs-addon-services services-style8 service_shape_ box_shadow_serial_disable\">\r\n\t\t    <div class=\"services-part image-align-\">\r\n\r\n\t\t    \t\t\t\t    \t\t    \t\t\r\n\t\t    \t\t\t    \t\t\t\t\t\t    \t\t\t<div class=\"services-icon  image\">\r\n\r\n\t\t\t\t\t    \t\t\t\t\t\t\t    \t\t\t\t\t\t\t    \t\t\t<img decoding=\"async\" class=\"main-img\" src=\"https:\/\/b-i-consulting.com\/wp-content\/uploads\/2023\/05\/banking-intelligence-consulting-BIC-SWIFT-PAM.png\" alt=\"image\"\/>\r\n\t\t\t\t\t    \t\t\t\r\n\t\t\t\t\t    \t\t\t\t\t\t\t    \t\t\r\n\t\t\t\t\t    \t\t\t\t\t\t    \t\t<\/div>\r\n\t\t\t    \t\t\t\t    \t\t\t    \t\t       \r\n\t\t\t    <div class=\"services-text\">\r\n\t\t\t    \t\r\n\t\t\t    \t\t\t    \t    \t\t\t\t\t    \r\n\t\t\t    \t\t\t\t    \t\t<p class=\"services-txt\">  Banking Intelligence Consulting propose un programme de formation en s\u00e9curit\u00e9 physique con\u00e7u pour fournir une connaissance de base des syst\u00e8mes et proc\u00e9dures de s\u00e9curit\u00e9 physique, comme l'exigent les normes internationales ISO 27001.<\/br> Le processus d'\u00e9valuation de la s\u00e9curit\u00e9 physique est le fil conducteur utilis\u00e9 dans l'enseignement de ce programme.<\/br> Le PSTP comprend des consid\u00e9rations de s\u00e9curit\u00e9 conceptuelles, des \u00e9valuations des vuln\u00e9rabilit\u00e9s et une familiarisation avec le mat\u00e9riel et les proc\u00e9dures.<\/br>\nBas\u00e9e sur la norme ISO 27001, la formation \u00e0 la s\u00e9curit\u00e9 physique est un incontournable pour la sensibilisation de l'\u00e9quipe.<\/br>\nLes \u00e9l\u00e8ves participeront \u00e0 diverses \u00e9valuations de la s\u00e9curit\u00e9 physique, r\u00e9digeront un rapport \u00e9crit et participeront \u00e0 diverses activit\u00e9s d'apprentissage centr\u00e9es sur l'\u00e9l\u00e8ve. <\/br>Les \u00e9l\u00e8ves assisteront \u00e9galement \u00e0 une d\u00e9monstration d'explosifs en direct et apprendront \u00e0 effectuer les premiers soins.<\/br>\nLes \u00e9tudiants doivent r\u00e9ussir un examen \u00e9crit complet avec une note minimale de 50 %. Les \u00e9tudiants doivent \u00e9galement r\u00e9ussir un exercice pratique individuel \u00e0 la fin du programme avec un score minimum de 20%.<\/br>\nLa dur\u00e9e de la formation est de 50 heures et \u00e0 la fin du programme, les \u00e9tudiants doivent obtenir au moins 70% comme score total pour obtenir le certificat.<\/p>\t\r\n\t\t\t    \t\t\r\n\t\t\t    \t\t    \t    \t\t\t    \t    \t    \t\t    \t\t<div class=\"serial_number enable_position\">\r\n    \t\t    \t\t\tFormations \r\n    \t\t    \t\t<\/div>\r\n    \t\t    \t\t\t\t    <\/div>\r\n\t\t\t<\/div>\r\n\t\t<\/div>\t\r\n\t\t\r\n\t\t\t\t\t<\/div>\n\t\t\t\t<\/div>\n\t\t\t\t\t<\/div>\n\t\t<\/div>\n\t\t\t\t<div class=\"elementor-column elementor-col-50 elementor-inner-column elementor-element elementor-element-6e3b1679\" data-id=\"6e3b1679\" data-element_type=\"column\">\n\t\t\t<div class=\"elementor-widget-wrap elementor-element-populated\">\n\t\t\t\t\t\t<div class=\"elementor-element elementor-element-bcde070 elementor-widget elementor-widget-rs-service-grid\" data-id=\"bcde070\" data-element_type=\"widget\" data-widget_type=\"rs-service-grid.default\">\n\t\t\t\t<div class=\"elementor-widget-container\">\n\t\t\t\t\t\t\t\r\n\t\t<div class=\"rs-addon-services services-style9 service_shape_ box_shadow_serial_disable\">\r\n\t\t    <div class=\"services-part image-align-\">\r\n\r\n\t\t    \t\t\t\t    \t\t    \t\t\r\n\t\t    \t\t\t    \t\t       \r\n\t\t\t    <div class=\"services-text\">\r\n\t\t\t    \t\r\n\t\t\t    \t\t\t    \t    \t\t\t\t\t    \r\n\t\t\t    \t\t\r\n\t\t\t    \t\t    \t    \t\t\t    \t    \t\t\t\t    <\/div>\r\n\t\t\t<\/div>\r\n\t\t<\/div>\t\r\n\t\t\r\n\t\t\t\t\t<\/div>\n\t\t\t\t<\/div>\n\t\t\t\t\t<\/div>\n\t\t<\/div>\n\t\t\t\t\t<\/div>\n\t\t<\/section>\n\t\t\t\t\t<\/div>\n\t\t<\/div>\n\t\t\t\t\t<\/div>\n\t\t<\/section>\n\t\t\t\t<section class=\"elementor-section elementor-top-section elementor-element elementor-element-2cb84e7c elementor-section-boxed elementor-section-height-default elementor-section-height-default\" data-id=\"2cb84e7c\" data-element_type=\"section\" data-settings=\"{&quot;background_background&quot;:&quot;classic&quot;}\">\n\t\t\t\t\t\t<div class=\"elementor-container elementor-column-gap-default\">\n\t\t\t\t\t<div class=\"elementor-column elementor-col-100 elementor-top-column elementor-element elementor-element-37ee407b\" data-id=\"37ee407b\" data-element_type=\"column\">\n\t\t\t<div class=\"elementor-widget-wrap elementor-element-populated\">\n\t\t\t\t\t\t<div class=\"elementor-element elementor-element-67612bff elementor-widget elementor-widget-rs-heading\" data-id=\"67612bff\" data-element_type=\"widget\" data-widget_type=\"rs-heading.default\">\n\t\t\t\t<div class=\"elementor-widget-container\">\n\t\t\t\t\t        <div class=\"rs-heading default left\">\r\n        \t<div class=\"title-inner\">        \t\t      \t\t\r\n\t            <span class=\"sub-text\">T\u00e9l\u00e9charger maintenant<\/span><h2 class=\"title\"><span class=\"watermark\"><\/span>Consultez nos formations <br>et services <span class=\"orange-color2\">en ligne<\/span><\/h2>\t\t\t\t\t        <\/div>\r\n\t                <\/div>\r\n\r\n        \t\t\t\t<\/div>\n\t\t\t\t<\/div>\n\t\t\t\t<div class=\"elementor-element elementor-element-3a1fd5ce elementor-widget elementor-widget-rs-button\" data-id=\"3a1fd5ce\" data-element_type=\"widget\" data-widget_type=\"rs-button.default\">\n\t\t\t\t<div class=\"elementor-widget-container\">\n\t\t\t\t\t\t\r\n\t\t\r\n\t\t\r\n\t\t\t\t\r\n\t\t\r\n\t\t\t\t\t<div class=\"rs-btn\">\r\n\t\t\t\t\t\t\t\t<a class=\"readon rs_button\" href=\"https:\/\/b-i-consulting.com\/fr\/download-our-catalogue\/\" >\t\t\t\t\r\n\t\t\t\t\t<span class=\"btn_text\">T\u00e9l\u00e9charger maintenant<\/span>\r\n\t\t\t\t\t\t\t\t\t<\/a>\r\n\t\t\t<\/div>\r\n\t\t   \r\n\t\t\t\t\t<\/div>\n\t\t\t\t<\/div>\n\t\t\t\t\t<\/div>\n\t\t<\/div>\n\t\t\t\t\t<\/div>\n\t\t<\/section>\n\t\t\t\t<\/div>","protected":false},"excerpt":{"rendered":"<p>Banking Intelligence Consulting offers a physical security training program designed to provide baseline knowledge of physical security systems and procedures as required by the international standards ISO 27001. The physical security assessment process is the common thread used in teaching this program. The PSTP includes conceptual security considerations, vulnerabilities assessments, and familiarization with hardware and&#8230;<\/p>","protected":false},"author":1,"featured_media":0,"parent":0,"menu_order":0,"comment_status":"closed","ping_status":"closed","template":"","meta":{"_monsterinsights_skip_tracking":false,"_monsterinsights_sitenote_active":false,"_monsterinsights_sitenote_note":"","_monsterinsights_sitenote_category":0,"footnotes":""},"class_list":["post-26611","page","type-page","status-publish","hentry"],"aioseo_notices":[],"_links":{"self":[{"href":"https:\/\/b-i-consulting.com\/fr\/wp-json\/wp\/v2\/pages\/26611","targetHints":{"allow":["GET"]}}],"collection":[{"href":"https:\/\/b-i-consulting.com\/fr\/wp-json\/wp\/v2\/pages"}],"about":[{"href":"https:\/\/b-i-consulting.com\/fr\/wp-json\/wp\/v2\/types\/page"}],"author":[{"embeddable":true,"href":"https:\/\/b-i-consulting.com\/fr\/wp-json\/wp\/v2\/users\/1"}],"replies":[{"embeddable":true,"href":"https:\/\/b-i-consulting.com\/fr\/wp-json\/wp\/v2\/comments?post=26611"}],"version-history":[{"count":0,"href":"https:\/\/b-i-consulting.com\/fr\/wp-json\/wp\/v2\/pages\/26611\/revisions"}],"wp:attachment":[{"href":"https:\/\/b-i-consulting.com\/fr\/wp-json\/wp\/v2\/media?parent=26611"}],"curies":[{"name":"wp","href":"https:\/\/api.w.org\/{rel}","templated":true}]}}